{"id":269,"date":"2024-02-06T14:11:35","date_gmt":"2024-02-06T17:11:35","guid":{"rendered":"http:\/\/realcontabil.com.br\/?page_id=269"},"modified":"2024-02-06T14:37:43","modified_gmt":"2024-02-06T17:37:43","slug":"segmentos","status":"publish","type":"page","link":"https:\/\/realcontabil.com.br\/index.php\/segmentos\/","title":{"rendered":"Segmentos"},"content":{"rendered":"\t\t<div data-elementor-type=\"wp-page\" data-elementor-id=\"269\" class=\"elementor elementor-269\">\n\t\t\t\t<div class=\"elementor-element elementor-element-7c46f8c e-flex e-con-boxed e-con e-parent\" data-id=\"7c46f8c\" data-element_type=\"container\" data-settings=\"{&quot;background_background&quot;:&quot;classic&quot;}\">\n\t\t\t\t\t<div class=\"e-con-inner\">\n\t\t\t\t\t<\/div>\n\t\t\t\t<\/div>\n\t\t<div class=\"elementor-element elementor-element-4b3b1a3 e-flex e-con-boxed e-con e-parent\" data-id=\"4b3b1a3\" data-element_type=\"container\">\n\t\t\t\t\t<div class=\"e-con-inner\">\n\t\t\t\t<div class=\"elementor-element elementor-element-f20775d elementor-widget elementor-widget-heading\" data-id=\"f20775d\" data-element_type=\"widget\" data-widget_type=\"heading.default\">\n\t\t\t\t<div class=\"elementor-widget-container\">\n\t\t\t\t\t<h2 class=\"elementor-heading-title elementor-size-default\">SEGMENTOS QUE ATENDEMOS<\/h2>\t\t\t\t<\/div>\n\t\t\t\t<\/div>\n\t\t\t\t\t<\/div>\n\t\t\t\t<\/div>\n\t\t<div class=\"elementor-element elementor-element-6e26a8c e-flex e-con-boxed e-con e-parent\" data-id=\"6e26a8c\" data-element_type=\"container\">\n\t\t\t\t\t<div class=\"e-con-inner\">\n\t\t\t\t<div class=\"elementor-element elementor-element-d8b2427 elementor-invisible elementor-widget elementor-widget-image-gallery\" data-id=\"d8b2427\" data-element_type=\"widget\" data-settings=\"{&quot;_animation&quot;:&quot;fadeIn&quot;}\" data-widget_type=\"image-gallery.default\">\n\t\t\t\t<div class=\"elementor-widget-container\">\n\t\t\t\t\t\t\t<div class=\"elementor-image-gallery\">\n\t\t\t<div id='gallery-1' class='gallery galleryid-269 gallery-columns-3 gallery-size-full'><figure class='gallery-item'>\n\t\t\t<div class='gallery-icon landscape'>\n\t\t\t\t<img fetchpriority=\"high\" decoding=\"async\" width=\"500\" height=\"333\" src=\"https:\/\/realcontabil.com.br\/wp-content\/uploads\/2024\/02\/industria.jpg\" class=\"attachment-full size-full\" alt=\"\" aria-describedby=\"gallery-1-92\" srcset=\"https:\/\/realcontabil.com.br\/wp-content\/uploads\/2024\/02\/industria.jpg 500w, https:\/\/realcontabil.com.br\/wp-content\/uploads\/2024\/02\/industria-300x200.jpg 300w\" sizes=\"(max-width: 500px) 100vw, 500px\" \/>\n\t\t\t<\/div>\n\t\t\t\t<figcaption class='wp-caption-text gallery-caption' id='gallery-1-92'>\n\t\t\t\tInd\u00fastria\n\t\t\t\t<\/figcaption><\/figure><figure class='gallery-item'>\n\t\t\t<div class='gallery-icon landscape'>\n\t\t\t\t<img decoding=\"async\" width=\"500\" height=\"333\" src=\"https:\/\/realcontabil.com.br\/wp-content\/uploads\/2024\/02\/comercio.jpg\" class=\"attachment-full size-full\" alt=\"\" aria-describedby=\"gallery-1-90\" srcset=\"https:\/\/realcontabil.com.br\/wp-content\/uploads\/2024\/02\/comercio.jpg 500w, https:\/\/realcontabil.com.br\/wp-content\/uploads\/2024\/02\/comercio-300x200.jpg 300w\" sizes=\"(max-width: 500px) 100vw, 500px\" \/>\n\t\t\t<\/div>\n\t\t\t\t<figcaption class='wp-caption-text gallery-caption' id='gallery-1-90'>\n\t\t\t\tCom\u00e9rcio\n\t\t\t\t<\/figcaption><\/figure><figure class='gallery-item'>\n\t\t\t<div class='gallery-icon landscape'>\n\t\t\t\t<img decoding=\"async\" width=\"500\" height=\"333\" src=\"https:\/\/realcontabil.com.br\/wp-content\/uploads\/2024\/02\/ecommerce.jpg\" class=\"attachment-full size-full\" alt=\"\" aria-describedby=\"gallery-1-91\" srcset=\"https:\/\/realcontabil.com.br\/wp-content\/uploads\/2024\/02\/ecommerce.jpg 500w, https:\/\/realcontabil.com.br\/wp-content\/uploads\/2024\/02\/ecommerce-300x200.jpg 300w\" sizes=\"(max-width: 500px) 100vw, 500px\" \/>\n\t\t\t<\/div>\n\t\t\t\t<figcaption class='wp-caption-text gallery-caption' id='gallery-1-91'>\n\t\t\t\tE-commerce\n\t\t\t\t<\/figcaption><\/figure><figure class='gallery-item'>\n\t\t\t<div class='gallery-icon landscape'>\n\t\t\t\t<img loading=\"lazy\" decoding=\"async\" width=\"500\" height=\"333\" src=\"https:\/\/realcontabil.com.br\/wp-content\/uploads\/2024\/02\/construtora.jpg\" class=\"attachment-full size-full\" alt=\"\" aria-describedby=\"gallery-1-292\" srcset=\"https:\/\/realcontabil.com.br\/wp-content\/uploads\/2024\/02\/construtora.jpg 500w, https:\/\/realcontabil.com.br\/wp-content\/uploads\/2024\/02\/construtora-300x200.jpg 300w\" sizes=\"(max-width: 500px) 100vw, 500px\" \/>\n\t\t\t<\/div>\n\t\t\t\t<figcaption class='wp-caption-text gallery-caption' id='gallery-1-292'>\n\t\t\t\tConstrutoras\n\t\t\t\t<\/figcaption><\/figure><figure class='gallery-item'>\n\t\t\t<div class='gallery-icon landscape'>\n\t\t\t\t<img loading=\"lazy\" decoding=\"async\" width=\"500\" height=\"333\" src=\"https:\/\/realcontabil.com.br\/wp-content\/uploads\/2024\/02\/faculdade.jpg\" class=\"attachment-full size-full\" alt=\"\" aria-describedby=\"gallery-1-293\" srcset=\"https:\/\/realcontabil.com.br\/wp-content\/uploads\/2024\/02\/faculdade.jpg 500w, https:\/\/realcontabil.com.br\/wp-content\/uploads\/2024\/02\/faculdade-300x200.jpg 300w\" sizes=\"(max-width: 500px) 100vw, 500px\" \/>\n\t\t\t<\/div>\n\t\t\t\t<figcaption class='wp-caption-text gallery-caption' id='gallery-1-293'>\n\t\t\t\tCol\u00e9gios e Faculdades\n\t\t\t\t<\/figcaption><\/figure><figure class='gallery-item'>\n\t\t\t<div class='gallery-icon landscape'>\n\t\t\t\t<img loading=\"lazy\" decoding=\"async\" width=\"500\" height=\"333\" src=\"https:\/\/realcontabil.com.br\/wp-content\/uploads\/2024\/02\/restaurante.jpg\" class=\"attachment-full size-full\" alt=\"\" aria-describedby=\"gallery-1-294\" srcset=\"https:\/\/realcontabil.com.br\/wp-content\/uploads\/2024\/02\/restaurante.jpg 500w, https:\/\/realcontabil.com.br\/wp-content\/uploads\/2024\/02\/restaurante-300x200.jpg 300w\" sizes=\"(max-width: 500px) 100vw, 500px\" \/>\n\t\t\t<\/div>\n\t\t\t\t<figcaption class='wp-caption-text gallery-caption' id='gallery-1-294'>\n\t\t\t\tRestaurantes\n\t\t\t\t<\/figcaption><\/figure><figure class='gallery-item'>\n\t\t\t<div class='gallery-icon landscape'>\n\t\t\t\t<img loading=\"lazy\" decoding=\"async\" width=\"500\" height=\"333\" src=\"https:\/\/realcontabil.com.br\/wp-content\/uploads\/2024\/02\/servicos.jpg\" class=\"attachment-full size-full\" alt=\"\" aria-describedby=\"gallery-1-94\" srcset=\"https:\/\/realcontabil.com.br\/wp-content\/uploads\/2024\/02\/servicos.jpg 500w, https:\/\/realcontabil.com.br\/wp-content\/uploads\/2024\/02\/servicos-300x200.jpg 300w\" sizes=\"(max-width: 500px) 100vw, 500px\" \/>\n\t\t\t<\/div>\n\t\t\t\t<figcaption class='wp-caption-text gallery-caption' id='gallery-1-94'>\n\t\t\t\tServi\u00e7os\n\t\t\t\t<\/figcaption><\/figure><figure class='gallery-item'>\n\t\t\t<div class='gallery-icon landscape'>\n\t\t\t\t<img loading=\"lazy\" decoding=\"async\" width=\"500\" height=\"333\" src=\"https:\/\/realcontabil.com.br\/wp-content\/uploads\/2024\/02\/clinicas.jpg\" class=\"attachment-full size-full\" alt=\"\" aria-describedby=\"gallery-1-89\" srcset=\"https:\/\/realcontabil.com.br\/wp-content\/uploads\/2024\/02\/clinicas.jpg 500w, https:\/\/realcontabil.com.br\/wp-content\/uploads\/2024\/02\/clinicas-300x200.jpg 300w\" sizes=\"(max-width: 500px) 100vw, 500px\" \/>\n\t\t\t<\/div>\n\t\t\t\t<figcaption class='wp-caption-text gallery-caption' id='gallery-1-89'>\n\t\t\t\tCl\u00ednicas\n\t\t\t\t<\/figcaption><\/figure><figure class='gallery-item'>\n\t\t\t<div class='gallery-icon landscape'>\n\t\t\t\t<img loading=\"lazy\" decoding=\"async\" width=\"500\" height=\"333\" src=\"https:\/\/realcontabil.com.br\/wp-content\/uploads\/2024\/02\/mei.jpg\" class=\"attachment-full size-full\" alt=\"\" aria-describedby=\"gallery-1-93\" srcset=\"https:\/\/realcontabil.com.br\/wp-content\/uploads\/2024\/02\/mei.jpg 500w, https:\/\/realcontabil.com.br\/wp-content\/uploads\/2024\/02\/mei-300x200.jpg 300w\" sizes=\"(max-width: 500px) 100vw, 500px\" \/>\n\t\t\t<\/div>\n\t\t\t\t<figcaption class='wp-caption-text gallery-caption' id='gallery-1-93'>\n\t\t\t\tMEI\n\t\t\t\t<\/figcaption><\/figure>\n\t\t<\/div>\n\t\t<\/div>\n\t\t\t\t\t\t<\/div>\n\t\t\t\t<\/div>\n\t\t\t\t\t<\/div>\n\t\t\t\t<\/div>\n\t\t\t\t<\/div>\n\t\t","protected":false},"excerpt":{"rendered":"<p>SEGMENTOS QUE ATENDEMOS Ind\u00fastria Com\u00e9rcio E-commerce Construtoras Col\u00e9gios e Faculdades Restaurantes Servi\u00e7os Cl\u00ednicas MEI<\/p>\n","protected":false},"author":1,"featured_media":0,"parent":0,"menu_order":0,"comment_status":"closed","ping_status":"closed","template":"elementor_header_footer","meta":{"footnotes":""},"_links":{"self":[{"href":"https:\/\/realcontabil.com.br\/index.php\/wp-json\/wp\/v2\/pages\/269"}],"collection":[{"href":"https:\/\/realcontabil.com.br\/index.php\/wp-json\/wp\/v2\/pages"}],"about":[{"href":"https:\/\/realcontabil.com.br\/index.php\/wp-json\/wp\/v2\/types\/page"}],"author":[{"embeddable":true,"href":"https:\/\/realcontabil.com.br\/index.php\/wp-json\/wp\/v2\/users\/1"}],"replies":[{"embeddable":true,"href":"https:\/\/realcontabil.com.br\/index.php\/wp-json\/wp\/v2\/comments?post=269"}],"version-history":[{"count":22,"href":"https:\/\/realcontabil.com.br\/index.php\/wp-json\/wp\/v2\/pages\/269\/revisions"}],"predecessor-version":[{"id":297,"href":"https:\/\/realcontabil.com.br\/index.php\/wp-json\/wp\/v2\/pages\/269\/revisions\/297"}],"wp:attachment":[{"href":"https:\/\/realcontabil.com.br\/index.php\/wp-json\/wp\/v2\/media?parent=269"}],"curies":[{"name":"wp","href":"https:\/\/api.w.org\/{rel}","templated":true}]}}