{"id":240,"date":"2024-02-06T13:55:22","date_gmt":"2024-02-06T16:55:22","guid":{"rendered":"http:\/\/realcontabil.com.br\/?page_id=240"},"modified":"2024-02-06T14:08:52","modified_gmt":"2024-02-06T17:08:52","slug":"servicos","status":"publish","type":"page","link":"https:\/\/realcontabil.com.br\/index.php\/servicos\/","title":{"rendered":"Servi\u00e7os"},"content":{"rendered":"\t\t<div data-elementor-type=\"wp-page\" data-elementor-id=\"240\" class=\"elementor elementor-240\">\n\t\t\t\t<div class=\"elementor-element elementor-element-26943b1 e-flex e-con-boxed e-con e-parent\" data-id=\"26943b1\" data-element_type=\"container\" data-settings=\"{&quot;background_background&quot;:&quot;classic&quot;}\">\n\t\t\t\t\t<div class=\"e-con-inner\">\n\t\t\t\t\t<\/div>\n\t\t\t\t<\/div>\n\t\t<div class=\"elementor-element elementor-element-b270559 e-flex e-con-boxed e-con e-parent\" data-id=\"b270559\" data-element_type=\"container\">\n\t\t\t\t\t<div class=\"e-con-inner\">\n\t\t<div class=\"elementor-element elementor-element-00053d2 e-con-full e-flex e-con e-child\" data-id=\"00053d2\" data-element_type=\"container\">\n\t\t\t\t<div class=\"elementor-element elementor-element-58d0fd0 elementor-widget elementor-widget-heading\" data-id=\"58d0fd0\" data-element_type=\"widget\" data-widget_type=\"heading.default\">\n\t\t\t\t<div class=\"elementor-widget-container\">\n\t\t\t\t\t<h2 class=\"elementor-heading-title elementor-size-default\">CONT\u00c1BIL<\/h2>\t\t\t\t<\/div>\n\t\t\t\t<\/div>\n\t\t\t\t<div class=\"elementor-element elementor-element-750d448 elementor-widget elementor-widget-heading\" data-id=\"750d448\" data-element_type=\"widget\" data-widget_type=\"heading.default\">\n\t\t\t\t<div class=\"elementor-widget-container\">\n\t\t\t\t\t<h2 class=\"elementor-heading-title elementor-size-default\">Nosso foco \u00e9 o seu neg\u00f3cio.<\/h2>\t\t\t\t<\/div>\n\t\t\t\t<\/div>\n\t\t\t\t<div class=\"elementor-element elementor-element-3fe26bf elementor-widget elementor-widget-text-editor\" data-id=\"3fe26bf\" data-element_type=\"widget\" data-widget_type=\"text-editor.default\">\n\t\t\t\t<div class=\"elementor-widget-container\">\n\t\t\t\t\t\t\t\t\t<p>Nosso departamento cont\u00e1bil cuida de todos os procedimentos para elabora\u00e7\u00e3o dos balan\u00e7os fiscal e gerencial, para melhor atender as tomadas de decis\u00f5es do seu neg\u00f3cio.<\/p><ul><li>Solu\u00e7\u00f5es Cont\u00e1beis e orienta\u00e7\u00f5es<\/li><li>Escritura\u00e7\u00e3o Cont\u00e1bil<\/li><li>Elabora\u00e7\u00e3o de Balancetes Balan\u00e7os<\/li><li>Demonstrativos de Resultados<\/li><li>Comparativos Percentuais<\/li><li>\u00cdndices para suporte gerencial<\/li><li>Impostos de Renda: I.R.P.J.<\/li><li>DCTF-web, entre outros.<\/li><\/ul>\t\t\t\t\t\t\t\t<\/div>\n\t\t\t\t<\/div>\n\t\t\t\t<div class=\"elementor-element elementor-element-013fb71 elementor-widget elementor-widget-button\" data-id=\"013fb71\" data-element_type=\"widget\" data-widget_type=\"button.default\">\n\t\t\t\t<div class=\"elementor-widget-container\">\n\t\t\t\t\t\t\t\t\t<div class=\"elementor-button-wrapper\">\n\t\t\t\t\t<a class=\"elementor-button elementor-button-link elementor-size-sm elementor-animation-grow\" href=\"#\">\n\t\t\t\t\t\t<span class=\"elementor-button-content-wrapper\">\n\t\t\t\t\t\t\t\t\t<span class=\"elementor-button-text\">SOLICITE UMA PROPOSTA<\/span>\n\t\t\t\t\t<\/span>\n\t\t\t\t\t<\/a>\n\t\t\t\t<\/div>\n\t\t\t\t\t\t\t\t<\/div>\n\t\t\t\t<\/div>\n\t\t\t\t<\/div>\n\t\t<div class=\"elementor-element elementor-element-82e3826 e-con-full e-flex e-con e-child\" data-id=\"82e3826\" data-element_type=\"container\">\n\t\t\t\t<div class=\"elementor-element elementor-element-452b6ff elementor-widget elementor-widget-image\" data-id=\"452b6ff\" data-element_type=\"widget\" data-widget_type=\"image.default\">\n\t\t\t\t<div class=\"elementor-widget-container\">\n\t\t\t\t\t\t\t\t\t\t\t\t\t\t\t<img fetchpriority=\"high\" decoding=\"async\" width=\"750\" height=\"375\" src=\"https:\/\/realcontabil.com.br\/wp-content\/uploads\/2024\/02\/contabil1.png\" class=\"attachment-large size-large wp-image-250\" alt=\"\" srcset=\"https:\/\/realcontabil.com.br\/wp-content\/uploads\/2024\/02\/contabil1.png 750w, https:\/\/realcontabil.com.br\/wp-content\/uploads\/2024\/02\/contabil1-300x150.png 300w, https:\/\/realcontabil.com.br\/wp-content\/uploads\/2024\/02\/contabil1-600x300.png 600w\" sizes=\"(max-width: 750px) 100vw, 750px\" \/>\t\t\t\t\t\t\t\t\t\t\t\t\t\t\t<\/div>\n\t\t\t\t<\/div>\n\t\t\t\t<\/div>\n\t\t\t\t\t<\/div>\n\t\t\t\t<\/div>\n\t\t<div class=\"elementor-element elementor-element-2ee1d4c e-flex e-con-boxed e-con e-parent\" data-id=\"2ee1d4c\" data-element_type=\"container\">\n\t\t\t\t\t<div class=\"e-con-inner\">\n\t\t<div class=\"elementor-element elementor-element-1b0afb5 e-con-full e-flex e-con e-child\" data-id=\"1b0afb5\" data-element_type=\"container\">\n\t\t\t\t<div class=\"elementor-element elementor-element-41dbfce elementor-widget elementor-widget-heading\" data-id=\"41dbfce\" data-element_type=\"widget\" data-widget_type=\"heading.default\">\n\t\t\t\t<div class=\"elementor-widget-container\">\n\t\t\t\t\t<h2 class=\"elementor-heading-title elementor-size-default\">FISCAL<\/h2>\t\t\t\t<\/div>\n\t\t\t\t<\/div>\n\t\t\t\t<div class=\"elementor-element elementor-element-a51dbdf elementor-widget elementor-widget-heading\" data-id=\"a51dbdf\" data-element_type=\"widget\" data-widget_type=\"heading.default\">\n\t\t\t\t<div class=\"elementor-widget-container\">\n\t\t\t\t\t<h2 class=\"elementor-heading-title elementor-size-default\">Seriedade e efici\u00eancia.<\/h2>\t\t\t\t<\/div>\n\t\t\t\t<\/div>\n\t\t\t\t<div class=\"elementor-element elementor-element-79b8cd3 elementor-widget elementor-widget-text-editor\" data-id=\"79b8cd3\" data-element_type=\"widget\" data-widget_type=\"text-editor.default\">\n\t\t\t\t<div class=\"elementor-widget-container\">\n\t\t\t\t\t\t\t\t\t<p>O departamento fiscal cuida do planejamento tribut\u00e1rio e fiscal, visando a redu\u00e7\u00e3o dos impostos e melhores resultados para sua empresa.<\/p><ul><li>Orienta\u00e7\u00f5es fiscais<\/li><li>Escritura\u00e7\u00e3o de Livros Fiscais<\/li><li>Apura\u00e7\u00e3o de impostos Federais, Estaduais e Municipais<\/li><\/ul>\t\t\t\t\t\t\t\t<\/div>\n\t\t\t\t<\/div>\n\t\t\t\t<div class=\"elementor-element elementor-element-21e8573 elementor-widget elementor-widget-button\" data-id=\"21e8573\" data-element_type=\"widget\" data-widget_type=\"button.default\">\n\t\t\t\t<div class=\"elementor-widget-container\">\n\t\t\t\t\t\t\t\t\t<div class=\"elementor-button-wrapper\">\n\t\t\t\t\t<a class=\"elementor-button elementor-button-link elementor-size-sm elementor-animation-grow\" href=\"#\">\n\t\t\t\t\t\t<span class=\"elementor-button-content-wrapper\">\n\t\t\t\t\t\t\t\t\t<span class=\"elementor-button-text\">SOLICITE UMA PROPOSTA<\/span>\n\t\t\t\t\t<\/span>\n\t\t\t\t\t<\/a>\n\t\t\t\t<\/div>\n\t\t\t\t\t\t\t\t<\/div>\n\t\t\t\t<\/div>\n\t\t\t\t<\/div>\n\t\t<div class=\"elementor-element elementor-element-d2510c1 e-con-full e-flex e-con e-child\" data-id=\"d2510c1\" data-element_type=\"container\">\n\t\t\t\t<div class=\"elementor-element elementor-element-8974e04 elementor-widget elementor-widget-image\" data-id=\"8974e04\" data-element_type=\"widget\" data-widget_type=\"image.default\">\n\t\t\t\t<div class=\"elementor-widget-container\">\n\t\t\t\t\t\t\t\t\t\t\t\t\t\t\t<img decoding=\"async\" width=\"750\" height=\"375\" src=\"https:\/\/realcontabil.com.br\/wp-content\/uploads\/2024\/02\/fiscal.png\" class=\"attachment-large size-large wp-image-257\" alt=\"\" srcset=\"https:\/\/realcontabil.com.br\/wp-content\/uploads\/2024\/02\/fiscal.png 750w, https:\/\/realcontabil.com.br\/wp-content\/uploads\/2024\/02\/fiscal-300x150.png 300w, https:\/\/realcontabil.com.br\/wp-content\/uploads\/2024\/02\/fiscal-600x300.png 600w\" sizes=\"(max-width: 750px) 100vw, 750px\" \/>\t\t\t\t\t\t\t\t\t\t\t\t\t\t\t<\/div>\n\t\t\t\t<\/div>\n\t\t\t\t<\/div>\n\t\t\t\t\t<\/div>\n\t\t\t\t<\/div>\n\t\t<div class=\"elementor-element elementor-element-8937411 e-flex e-con-boxed e-con e-parent\" data-id=\"8937411\" data-element_type=\"container\">\n\t\t\t\t\t<div class=\"e-con-inner\">\n\t\t<div class=\"elementor-element elementor-element-96c724f e-con-full e-flex e-con e-child\" data-id=\"96c724f\" data-element_type=\"container\">\n\t\t\t\t<div class=\"elementor-element elementor-element-5f378e8 elementor-widget elementor-widget-heading\" data-id=\"5f378e8\" data-element_type=\"widget\" data-widget_type=\"heading.default\">\n\t\t\t\t<div class=\"elementor-widget-container\">\n\t\t\t\t\t<h2 class=\"elementor-heading-title elementor-size-default\">TRABALHISTA<\/h2>\t\t\t\t<\/div>\n\t\t\t\t<\/div>\n\t\t\t\t<div class=\"elementor-element elementor-element-f7cb007 elementor-widget elementor-widget-heading\" data-id=\"f7cb007\" data-element_type=\"widget\" data-widget_type=\"heading.default\">\n\t\t\t\t<div class=\"elementor-widget-container\">\n\t\t\t\t\t<h2 class=\"elementor-heading-title elementor-size-default\">Obtendo resultados positivos.<\/h2>\t\t\t\t<\/div>\n\t\t\t\t<\/div>\n\t\t\t\t<div class=\"elementor-element elementor-element-13833f7 elementor-widget elementor-widget-text-editor\" data-id=\"13833f7\" data-element_type=\"widget\" data-widget_type=\"text-editor.default\">\n\t\t\t\t<div class=\"elementor-widget-container\">\n\t\t\t\t\t\t\t\t\t<p>O departamento pessoal cuida da rela\u00e7\u00e3o das empresas com seus empregados, sempre dentro das normas da &#8220;CLT&#8221; e conven\u00e7\u00f5es coletivas da categoria.<\/p><ul><li>Orienta\u00e7\u00f5es sobre recursos humanos<\/li><li>Emiss\u00e3o de Hollerits<\/li><li>Controle de vencimentos de F\u00e9rias, Admiss\u00e3o e Demiss\u00e3o<\/li><li>Elabora\u00e7\u00e3o de Folha de Pagamentos<\/li><li>Apura\u00e7\u00e3o de Impostos, Contribui\u00e7\u00f5es Sindicais e Confederativas<\/li><li>E-social.<\/li><\/ul>\t\t\t\t\t\t\t\t<\/div>\n\t\t\t\t<\/div>\n\t\t\t\t<div class=\"elementor-element elementor-element-46ac2f3 elementor-widget elementor-widget-button\" data-id=\"46ac2f3\" data-element_type=\"widget\" data-widget_type=\"button.default\">\n\t\t\t\t<div class=\"elementor-widget-container\">\n\t\t\t\t\t\t\t\t\t<div class=\"elementor-button-wrapper\">\n\t\t\t\t\t<a class=\"elementor-button elementor-button-link elementor-size-sm elementor-animation-grow\" href=\"#\">\n\t\t\t\t\t\t<span class=\"elementor-button-content-wrapper\">\n\t\t\t\t\t\t\t\t\t<span class=\"elementor-button-text\">SOLICITE UMA PROPOSTA<\/span>\n\t\t\t\t\t<\/span>\n\t\t\t\t\t<\/a>\n\t\t\t\t<\/div>\n\t\t\t\t\t\t\t\t<\/div>\n\t\t\t\t<\/div>\n\t\t\t\t<\/div>\n\t\t<div class=\"elementor-element elementor-element-58930b7 e-con-full e-flex e-con e-child\" data-id=\"58930b7\" data-element_type=\"container\">\n\t\t\t\t<div class=\"elementor-element elementor-element-d520373 elementor-widget elementor-widget-image\" data-id=\"d520373\" data-element_type=\"widget\" data-widget_type=\"image.default\">\n\t\t\t\t<div class=\"elementor-widget-container\">\n\t\t\t\t\t\t\t\t\t\t\t\t\t\t\t<img decoding=\"async\" width=\"750\" height=\"375\" src=\"https:\/\/realcontabil.com.br\/wp-content\/uploads\/2024\/02\/trabalhista.png\" class=\"attachment-large size-large wp-image-264\" alt=\"\" srcset=\"https:\/\/realcontabil.com.br\/wp-content\/uploads\/2024\/02\/trabalhista.png 750w, https:\/\/realcontabil.com.br\/wp-content\/uploads\/2024\/02\/trabalhista-300x150.png 300w, https:\/\/realcontabil.com.br\/wp-content\/uploads\/2024\/02\/trabalhista-600x300.png 600w\" sizes=\"(max-width: 750px) 100vw, 750px\" \/>\t\t\t\t\t\t\t\t\t\t\t\t\t\t\t<\/div>\n\t\t\t\t<\/div>\n\t\t\t\t<\/div>\n\t\t\t\t\t<\/div>\n\t\t\t\t<\/div>\n\t\t<div class=\"elementor-element elementor-element-97f1c44 e-flex e-con-boxed e-con e-parent\" data-id=\"97f1c44\" data-element_type=\"container\">\n\t\t\t\t\t<div class=\"e-con-inner\">\n\t\t<div class=\"elementor-element elementor-element-650d443 e-con-full e-flex e-con e-child\" data-id=\"650d443\" data-element_type=\"container\">\n\t\t\t\t<div class=\"elementor-element elementor-element-1ae81dd elementor-widget elementor-widget-heading\" data-id=\"1ae81dd\" data-element_type=\"widget\" data-widget_type=\"heading.default\">\n\t\t\t\t<div class=\"elementor-widget-container\">\n\t\t\t\t\t<h2 class=\"elementor-heading-title elementor-size-default\">RELA\u00c7\u00d5ES P\u00daBLICAS<\/h2>\t\t\t\t<\/div>\n\t\t\t\t<\/div>\n\t\t\t\t<div class=\"elementor-element elementor-element-4f20ce6 elementor-widget elementor-widget-heading\" data-id=\"4f20ce6\" data-element_type=\"widget\" data-widget_type=\"heading.default\">\n\t\t\t\t<div class=\"elementor-widget-container\">\n\t\t\t\t\t<h2 class=\"elementor-heading-title elementor-size-default\">Promovendo solu\u00e7\u00f5es.<\/h2>\t\t\t\t<\/div>\n\t\t\t\t<\/div>\n\t\t\t\t<div class=\"elementor-element elementor-element-88dabdb elementor-widget elementor-widget-text-editor\" data-id=\"88dabdb\" data-element_type=\"widget\" data-widget_type=\"text-editor.default\">\n\t\t\t\t<div class=\"elementor-widget-container\">\n\t\t\t\t\t\t\t\t\t<p>Atuamos na assessoria de Abertura de empresas (Ind\u00fastria, C\u00f3mercio e Servi\u00e7os), Altera\u00e7\u00f5es Contratuais, Encerramento de Atividades e Funcion\u00e1rios, Regulariza\u00e7\u00e3o perante: JUCESP, SRF, SEFAZ, Prefeituras, CETESB, MTB e INSS. Realizamos tamb\u00e9m o acompanhamento de legaliza\u00e7\u00f5es municipais, como licen\u00e7a de funcionamento, licen\u00e7as de vigil\u00e2ncia sanit\u00e1ria, Cetesb, de publicidade entre outras.<\/p><ul><li>Consultas de Certid\u00f5es Negativas<\/li><li>Consultas de D\u00edvidas Ativas da Uni\u00e3o<\/li><li>Licenciamentos juntos \u00e0 Prefeituras e Estados<\/li><li>Abertura, Altera\u00e7\u00f5es e Cancelamentos<\/li><li>Elabora\u00e7\u00f5es Contratuais<\/li><\/ul>\t\t\t\t\t\t\t\t<\/div>\n\t\t\t\t<\/div>\n\t\t\t\t<div class=\"elementor-element elementor-element-cf73ea1 elementor-widget elementor-widget-button\" data-id=\"cf73ea1\" data-element_type=\"widget\" data-widget_type=\"button.default\">\n\t\t\t\t<div class=\"elementor-widget-container\">\n\t\t\t\t\t\t\t\t\t<div class=\"elementor-button-wrapper\">\n\t\t\t\t\t<a class=\"elementor-button elementor-button-link elementor-size-sm elementor-animation-grow\" href=\"#\">\n\t\t\t\t\t\t<span class=\"elementor-button-content-wrapper\">\n\t\t\t\t\t\t\t\t\t<span class=\"elementor-button-text\">SOLICITE UMA PROPOSTA<\/span>\n\t\t\t\t\t<\/span>\n\t\t\t\t\t<\/a>\n\t\t\t\t<\/div>\n\t\t\t\t\t\t\t\t<\/div>\n\t\t\t\t<\/div>\n\t\t\t\t<\/div>\n\t\t<div class=\"elementor-element elementor-element-3e7ca4f e-con-full e-flex e-con e-child\" data-id=\"3e7ca4f\" data-element_type=\"container\">\n\t\t\t\t<div class=\"elementor-element elementor-element-89ded2f elementor-widget elementor-widget-image\" data-id=\"89ded2f\" data-element_type=\"widget\" data-widget_type=\"image.default\">\n\t\t\t\t<div class=\"elementor-widget-container\">\n\t\t\t\t\t\t\t\t\t\t\t\t\t\t\t<img loading=\"lazy\" decoding=\"async\" width=\"750\" height=\"375\" src=\"https:\/\/realcontabil.com.br\/wp-content\/uploads\/2024\/02\/relacoes.png\" class=\"attachment-large size-large wp-image-265\" alt=\"\" srcset=\"https:\/\/realcontabil.com.br\/wp-content\/uploads\/2024\/02\/relacoes.png 750w, https:\/\/realcontabil.com.br\/wp-content\/uploads\/2024\/02\/relacoes-300x150.png 300w, https:\/\/realcontabil.com.br\/wp-content\/uploads\/2024\/02\/relacoes-600x300.png 600w\" sizes=\"(max-width: 750px) 100vw, 750px\" \/>\t\t\t\t\t\t\t\t\t\t\t\t\t\t\t<\/div>\n\t\t\t\t<\/div>\n\t\t\t\t<\/div>\n\t\t\t\t\t<\/div>\n\t\t\t\t<\/div>\n\t\t\t\t<\/div>\n\t\t","protected":false},"excerpt":{"rendered":"<p>CONT\u00c1BIL Nosso foco \u00e9 o seu neg\u00f3cio. Nosso departamento cont\u00e1bil cuida de todos os procedimentos para elabora\u00e7\u00e3o dos balan\u00e7os fiscal e gerencial, para melhor atender as tomadas de decis\u00f5es do seu neg\u00f3cio. Solu\u00e7\u00f5es Cont\u00e1beis e orienta\u00e7\u00f5es Escritura\u00e7\u00e3o Cont\u00e1bil Elabora\u00e7\u00e3o de Balancetes Balan\u00e7os Demonstrativos de Resultados Comparativos Percentuais \u00cdndices para suporte gerencial Impostos de Renda: I.R.P.J. [&hellip;]<\/p>\n","protected":false},"author":1,"featured_media":0,"parent":0,"menu_order":0,"comment_status":"closed","ping_status":"closed","template":"elementor_header_footer","meta":{"footnotes":""},"_links":{"self":[{"href":"https:\/\/realcontabil.com.br\/index.php\/wp-json\/wp\/v2\/pages\/240"}],"collection":[{"href":"https:\/\/realcontabil.com.br\/index.php\/wp-json\/wp\/v2\/pages"}],"about":[{"href":"https:\/\/realcontabil.com.br\/index.php\/wp-json\/wp\/v2\/types\/page"}],"author":[{"embeddable":true,"href":"https:\/\/realcontabil.com.br\/index.php\/wp-json\/wp\/v2\/users\/1"}],"replies":[{"embeddable":true,"href":"https:\/\/realcontabil.com.br\/index.php\/wp-json\/wp\/v2\/comments?post=240"}],"version-history":[{"count":22,"href":"https:\/\/realcontabil.com.br\/index.php\/wp-json\/wp\/v2\/pages\/240\/revisions"}],"predecessor-version":[{"id":268,"href":"https:\/\/realcontabil.com.br\/index.php\/wp-json\/wp\/v2\/pages\/240\/revisions\/268"}],"wp:attachment":[{"href":"https:\/\/realcontabil.com.br\/index.php\/wp-json\/wp\/v2\/media?parent=240"}],"curies":[{"name":"wp","href":"https:\/\/api.w.org\/{rel}","templated":true}]}}