{"id":223,"date":"2024-02-06T13:40:26","date_gmt":"2024-02-06T16:40:26","guid":{"rendered":"http:\/\/realcontabil.com.br\/?page_id=223"},"modified":"2024-02-06T13:52:22","modified_gmt":"2024-02-06T16:52:22","slug":"quem-somos","status":"publish","type":"page","link":"https:\/\/realcontabil.com.br\/index.php\/quem-somos\/","title":{"rendered":"Quem Somos"},"content":{"rendered":"\t\t<div data-elementor-type=\"wp-page\" data-elementor-id=\"223\" class=\"elementor elementor-223\">\n\t\t\t\t<div class=\"elementor-element elementor-element-8e18cdf e-flex e-con-boxed e-con e-parent\" data-id=\"8e18cdf\" data-element_type=\"container\" data-settings=\"{&quot;background_background&quot;:&quot;classic&quot;}\">\n\t\t\t\t\t<div class=\"e-con-inner\">\n\t\t\t\t\t<\/div>\n\t\t\t\t<\/div>\n\t\t<div class=\"elementor-element elementor-element-16d0176 e-flex e-con-boxed e-con e-parent\" data-id=\"16d0176\" data-element_type=\"container\">\n\t\t\t\t\t<div class=\"e-con-inner\">\n\t\t\t\t<div class=\"elementor-element elementor-element-f6f7e01 elementor-widget elementor-widget-heading\" data-id=\"f6f7e01\" data-element_type=\"widget\" data-widget_type=\"heading.default\">\n\t\t\t\t<div class=\"elementor-widget-container\">\n\t\t\t\t\t<h2 class=\"elementor-heading-title elementor-size-default\">QUEM SOMOS<\/h2>\t\t\t\t<\/div>\n\t\t\t\t<\/div>\n\t\t\t\t<div class=\"elementor-element elementor-element-7aba850 elementor-widget elementor-widget-text-editor\" data-id=\"7aba850\" data-element_type=\"widget\" data-widget_type=\"text-editor.default\">\n\t\t\t\t<div class=\"elementor-widget-container\">\n\t\t\t\t\t\t\t\t\t<p>A Real Contabilidade \u00e9 uma empresa de Contabilidade e Assessoria Empresarial, com sede pr\u00f3pria em Guarulhos, atendemos toda a grande S\u00e3o Paulo h\u00e1 mais de 40 anos.<\/p><p>Trabalhamos com tecnologia e contamos com uma equipe de profissionais qualificados e experientes. Especializada em consultoria e assessoria de empresas de diversos setores da ind\u00fastria, do com\u00e9rcio, da constru\u00e7\u00e3o civil, dos prestadores de servi\u00e7os e Mei\u2019s, oferecemos orienta\u00e7\u00f5es atrav\u00e9s de uma equipe de colaboradores com alto n\u00edvel de capacita\u00e7\u00e3o, divididos em departamentos de acordo com a mais moderna infra-estrutura de softwares e hardwares, moldando-se, assim, um trabalho feito por profissionais competentes, visando o crescimento de seus clientes e a menor carga tribut\u00e1ria poss\u00edvel, dentro dos padr\u00f5es cont\u00e1beis, \u00e9ticos, fiscais e legais.<\/p><p>Al\u00e9m de toda a rotina de um escrit\u00f3rio cont\u00e1bil, desde a escritura\u00e7\u00e3o, os lan\u00e7amentos e a confec\u00e7\u00e3o de balan\u00e7os, a Real Contabilidade oferece aos seus clientes, diversos servi\u00e7os segmentados \u00e0 Assessoria Empresarial, Fiscal, Trabalhista e Controladoria de livros fiscais e cont\u00e1beis, guias de impostos, elabora\u00e7\u00e3o de relat\u00f3rios comparativos e demonstrativos entre as formas de tributa\u00e7\u00e3o de Lucro Presumido, Lucro Real e Simples Nacional.<\/p>\t\t\t\t\t\t\t\t<\/div>\n\t\t\t\t<\/div>\n\t\t\t\t<div class=\"elementor-element elementor-element-ac433db elementor-widget elementor-widget-button\" data-id=\"ac433db\" data-element_type=\"widget\" data-settings=\"{&quot;_animation&quot;:&quot;none&quot;}\" data-widget_type=\"button.default\">\n\t\t\t\t<div class=\"elementor-widget-container\">\n\t\t\t\t\t\t\t\t\t<div class=\"elementor-button-wrapper\">\n\t\t\t\t\t<a class=\"elementor-button elementor-button-link elementor-size-sm elementor-animation-grow\" href=\"#\">\n\t\t\t\t\t\t<span class=\"elementor-button-content-wrapper\">\n\t\t\t\t\t\t\t\t\t<span class=\"elementor-button-text\">SOLICITE UMA PROPOSTA<\/span>\n\t\t\t\t\t<\/span>\n\t\t\t\t\t<\/a>\n\t\t\t\t<\/div>\n\t\t\t\t\t\t\t\t<\/div>\n\t\t\t\t<\/div>\n\t\t\t\t\t<\/div>\n\t\t\t\t<\/div>\n\t\t\t\t<\/div>\n\t\t","protected":false},"excerpt":{"rendered":"<p>QUEM SOMOS A Real Contabilidade \u00e9 uma empresa de Contabilidade e Assessoria Empresarial, com sede pr\u00f3pria em Guarulhos, atendemos toda a grande S\u00e3o Paulo h\u00e1 mais de 40 anos. Trabalhamos com tecnologia e contamos com uma equipe de profissionais qualificados e experientes. Especializada em consultoria e assessoria de empresas de diversos setores da ind\u00fastria, do [&hellip;]<\/p>\n","protected":false},"author":1,"featured_media":0,"parent":0,"menu_order":0,"comment_status":"closed","ping_status":"closed","template":"elementor_header_footer","meta":{"footnotes":""},"_links":{"self":[{"href":"https:\/\/realcontabil.com.br\/index.php\/wp-json\/wp\/v2\/pages\/223"}],"collection":[{"href":"https:\/\/realcontabil.com.br\/index.php\/wp-json\/wp\/v2\/pages"}],"about":[{"href":"https:\/\/realcontabil.com.br\/index.php\/wp-json\/wp\/v2\/types\/page"}],"author":[{"embeddable":true,"href":"https:\/\/realcontabil.com.br\/index.php\/wp-json\/wp\/v2\/users\/1"}],"replies":[{"embeddable":true,"href":"https:\/\/realcontabil.com.br\/index.php\/wp-json\/wp\/v2\/comments?post=223"}],"version-history":[{"count":13,"href":"https:\/\/realcontabil.com.br\/index.php\/wp-json\/wp\/v2\/pages\/223\/revisions"}],"predecessor-version":[{"id":239,"href":"https:\/\/realcontabil.com.br\/index.php\/wp-json\/wp\/v2\/pages\/223\/revisions\/239"}],"wp:attachment":[{"href":"https:\/\/realcontabil.com.br\/index.php\/wp-json\/wp\/v2\/media?parent=223"}],"curies":[{"name":"wp","href":"https:\/\/api.w.org\/{rel}","templated":true}]}}